{"id":1074,"date":"2017-12-10T12:46:24","date_gmt":"2017-12-10T11:46:24","guid":{"rendered":"http:\/\/kine-sport-namur.be\/?page_id=1074"},"modified":"2018-01-06T17:12:11","modified_gmt":"2018-01-06T16:12:11","slug":"kinesitherapie-sportive","status":"publish","type":"page","link":"https:\/\/kine-sport-namur.be\/?page_id=1074","title":{"rendered":"Kin\u00e9sith\u00e9rapie sportive"},"content":{"rendered":"<h3>Kin\u00e9sith\u00e9rapie sportive<\/h3>\n<p><a href=\"http:\/\/kine-sport-namur.be\/wp-content\/uploads\/2018\/01\/Kinesioterapie_Kine_Sport_Namur2.jpg\"><img loading=\"lazy\" class=\"alignleft size-medium wp-image-1268\" src=\"http:\/\/kine-sport-namur.be\/wp-content\/uploads\/2018\/01\/Kinesioterapie_Kine_Sport_Namur2-225x300.jpg\" alt=\"\" width=\"225\" height=\"300\" srcset=\"https:\/\/kine-sport-namur.be\/wp-content\/uploads\/2018\/01\/Kinesioterapie_Kine_Sport_Namur2-225x300.jpg 225w, https:\/\/kine-sport-namur.be\/wp-content\/uploads\/2018\/01\/Kinesioterapie_Kine_Sport_Namur2-418x557.jpg 418w, https:\/\/kine-sport-namur.be\/wp-content\/uploads\/2018\/01\/Kinesioterapie_Kine_Sport_Namur2.jpg 600w\" sizes=\"(max-width: 225px) 100vw, 225px\" \/><\/a>L\u2019objectif de la kin\u00e9sith\u00e9rapie sportive est de traiter la survenue ou la r\u00e9cidive de blessures caus\u00e9es par la pratique sportive en \u00e9valuant, r\u00e9\u00e9duquant et r\u00e9-entra\u00eenant le sportif dans son milieu et sa discipline, lui permettant ainsi une reprise rapide de son activit\u00e9.<br \/>\nLa pr\u00e9sence d&#8217;\u00e9ventuelles l\u00e9sions induites par un d\u00e9faut de mat\u00e9riel ou de technique est syst\u00e9matiquement recherch\u00e9e.<\/p>\n<p>Au cours des traitements, une grande attention est \u00e9galement accord\u00e9e \u00e0 la pr\u00e9vention des r\u00e9cidives et de toute autre l\u00e9sion traumatique (entorse, claquage , luxation\u2026) ou micro-traumatique (tendinite, p\u00e9riostite, fractures de fatigue\u2026) sp\u00e9cifiques au sport.<\/p>\n<p>Le traitement est adapt\u00e9 aux besoins de chaque athl\u00e8te en fonction de son niveau de pratique et des gestes sportifs r\u00e9alis\u00e9s.<\/p>\n<p>Le kin\u00e9sith\u00e9rapeute \u00e9coute les probl\u00e8mes ou les doutes du sportif qui se confie \u00e0 lui et l\u2019aide, \u00e0 travers le traitement et son expertise, \u00e0 retrouver confiance dans la pratique de sa discipline.<\/p>\n<p>La prise en charge comprend \u00e9galement, la r\u00e9\u00e9ducation pr\u00e9-op\u00e9ratoire et post-op\u00e9ratoire<\/p>\n<p>lors de chirurgie orthop\u00e9dique r\u00e9paratrice (fractures, suture m\u00e9niscale, ligam<\/p>\n<p>entoplastie\u2026), le r\u00e9entrainement \u00e0 l&#8217;effort et la pr\u00e9paration physique adapt\u00e9e du sportif.<\/p>\n<div align=\"center\"><a href=\"http:\/\/kine-sport-namur.be\/wp-content\/uploads\/2018\/01\/Kinesioterapie_Kine_Sport_Namur8.jpg\" target=\"_blank\" rel=\"noopener\"><img loading=\"lazy\" class=\"alignnone wp-image-1280 size-medium\" title=\"Kin\u00e9 sportive chez Kin\u00e9 Sport Namur\" src=\"http:\/\/kine-sport-namur.be\/wp-content\/uploads\/2018\/01\/Kinesioterapie_Kine_Sport_Namur8-300x225.jpg\" alt=\"Kin\u00e9 sportive chez Kin\u00e9 Sport Namur\" width=\"300\" height=\"225\" srcset=\"https:\/\/kine-sport-namur.be\/wp-content\/uploads\/2018\/01\/Kinesioterapie_Kine_Sport_Namur8-300x225.jpg 300w, https:\/\/kine-sport-namur.be\/wp-content\/uploads\/2018\/01\/Kinesioterapie_Kine_Sport_Namur8-768x576.jpg 768w, https:\/\/kine-sport-namur.be\/wp-content\/uploads\/2018\/01\/Kinesioterapie_Kine_Sport_Namur8-418x314.jpg 418w, https:\/\/kine-sport-namur.be\/wp-content\/uploads\/2018\/01\/Kinesioterapie_Kine_Sport_Namur8-650x490.jpg 650w, https:\/\/kine-sport-namur.be\/wp-content\/uploads\/2018\/01\/Kinesioterapie_Kine_Sport_Namur8-301x226.jpg 301w, https:\/\/kine-sport-namur.be\/wp-content\/uploads\/2018\/01\/Kinesioterapie_Kine_Sport_Namur8-480x362.jpg 480w, https:\/\/kine-sport-namur.be\/wp-content\/uploads\/2018\/01\/Kinesioterapie_Kine_Sport_Namur8.jpg 800w\" sizes=\"(max-width: 300px) 100vw, 300px\" \/><\/a>\u00a0 \u00a0 \u00a0 \u00a0 \u00a0\u00a0<a href=\"http:\/\/kine-sport-namur.be\/wp-content\/uploads\/2018\/01\/Kinesioterapie_Kine_Sport_Namur.jpg\" target=\"_blank\" rel=\"noopener\"><img loading=\"lazy\" class=\"alignnone wp-image-1267 size-medium\" title=\"Kin\u00e9 sportive chez Kin\u00e9 Sport Namur\" src=\"http:\/\/kine-sport-namur.be\/wp-content\/uploads\/2018\/01\/Kinesioterapie_Kine_Sport_Namur-300x225.jpg\" alt=\"Kin\u00e9 sportive chez Kin\u00e9 Sport Namur\" width=\"300\" height=\"225\" srcset=\"https:\/\/kine-sport-namur.be\/wp-content\/uploads\/2018\/01\/Kinesioterapie_Kine_Sport_Namur-300x225.jpg 300w, https:\/\/kine-sport-namur.be\/wp-content\/uploads\/2018\/01\/Kinesioterapie_Kine_Sport_Namur-768x576.jpg 768w, https:\/\/kine-sport-namur.be\/wp-content\/uploads\/2018\/01\/Kinesioterapie_Kine_Sport_Namur-418x314.jpg 418w, https:\/\/kine-sport-namur.be\/wp-content\/uploads\/2018\/01\/Kinesioterapie_Kine_Sport_Namur-650x490.jpg 650w, https:\/\/kine-sport-namur.be\/wp-content\/uploads\/2018\/01\/Kinesioterapie_Kine_Sport_Namur-301x226.jpg 301w, https:\/\/kine-sport-namur.be\/wp-content\/uploads\/2018\/01\/Kinesioterapie_Kine_Sport_Namur-480x362.jpg 480w, https:\/\/kine-sport-namur.be\/wp-content\/uploads\/2018\/01\/Kinesioterapie_Kine_Sport_Namur.jpg 800w\" sizes=\"(max-width: 300px) 100vw, 300px\" \/><\/a>\u00a0 \u00a0 \u00a0 \u00a0 \u00a0\u00a0<a href=\"http:\/\/kine-sport-namur.be\/wp-content\/uploads\/2018\/01\/Kinesioterapie_Kine_Sport_Namur3.jpg\" target=\"_blank\" rel=\"noopener\"><img loading=\"lazy\" class=\"alignnone wp-image-1269 size-medium\" title=\"Kin\u00e9 sportive chez Kin\u00e9 Sport Namur\" src=\"http:\/\/kine-sport-namur.be\/wp-content\/uploads\/2018\/01\/Kinesioterapie_Kine_Sport_Namur3-225x300.jpg\" alt=\"Kin\u00e9 sportive chez Kin\u00e9 Sport Namur\" width=\"225\" height=\"300\" srcset=\"https:\/\/kine-sport-namur.be\/wp-content\/uploads\/2018\/01\/Kinesioterapie_Kine_Sport_Namur3-225x300.jpg 225w, https:\/\/kine-sport-namur.be\/wp-content\/uploads\/2018\/01\/Kinesioterapie_Kine_Sport_Namur3-418x557.jpg 418w, https:\/\/kine-sport-namur.be\/wp-content\/uploads\/2018\/01\/Kinesioterapie_Kine_Sport_Namur3.jpg 600w\" sizes=\"(max-width: 225px) 100vw, 225px\" \/><\/a>\u00a0 \u00a0 \u00a0 \u00a0 \u00a0\u00a0<a href=\"http:\/\/kine-sport-namur.be\/wp-content\/uploads\/2018\/01\/Kinesioterapie.jpg\" target=\"_blank\" rel=\"noopener\"><img loading=\"lazy\" class=\"alignnone wp-image-1266 size-medium\" title=\"Kin\u00e9 sportive chez Kin\u00e9 Sport Namur\" src=\"http:\/\/kine-sport-namur.be\/wp-content\/uploads\/2018\/01\/Kinesioterapie-300x225.jpg\" alt=\"Kin\u00e9 sportive chez Kin\u00e9 Sport Namur\" width=\"300\" height=\"225\" srcset=\"https:\/\/kine-sport-namur.be\/wp-content\/uploads\/2018\/01\/Kinesioterapie-300x225.jpg 300w, https:\/\/kine-sport-namur.be\/wp-content\/uploads\/2018\/01\/Kinesioterapie-768x576.jpg 768w, https:\/\/kine-sport-namur.be\/wp-content\/uploads\/2018\/01\/Kinesioterapie-418x314.jpg 418w, https:\/\/kine-sport-namur.be\/wp-content\/uploads\/2018\/01\/Kinesioterapie-650x490.jpg 650w, https:\/\/kine-sport-namur.be\/wp-content\/uploads\/2018\/01\/Kinesioterapie-301x226.jpg 301w, https:\/\/kine-sport-namur.be\/wp-content\/uploads\/2018\/01\/Kinesioterapie-480x362.jpg 480w, https:\/\/kine-sport-namur.be\/wp-content\/uploads\/2018\/01\/Kinesioterapie.jpg 800w\" sizes=\"(max-width: 300px) 100vw, 300px\" \/><\/a><\/div>\n","protected":false},"excerpt":{"rendered":"<p>Kin\u00e9sith\u00e9rapie sportive L\u2019objectif de la kin\u00e9sith\u00e9rapie sportive est de traiter la survenue ou la r\u00e9cidive de blessures caus\u00e9es par la pratique sportive en \u00e9valuant, r\u00e9\u00e9duquant et r\u00e9-entra\u00eenant le sportif dans son milieu et sa discipline, lui permettant ainsi une reprise rapide de son activit\u00e9. La pr\u00e9sence d&#8217;\u00e9ventuelles l\u00e9sions induites par un d\u00e9faut de mat\u00e9riel ou &hellip;<\/p>\n","protected":false},"author":1,"featured_media":0,"parent":1192,"menu_order":0,"comment_status":"closed","ping_status":"closed","template":"","meta":[],"_links":{"self":[{"href":"https:\/\/kine-sport-namur.be\/index.php?rest_route=\/wp\/v2\/pages\/1074"}],"collection":[{"href":"https:\/\/kine-sport-namur.be\/index.php?rest_route=\/wp\/v2\/pages"}],"about":[{"href":"https:\/\/kine-sport-namur.be\/index.php?rest_route=\/wp\/v2\/types\/page"}],"author":[{"embeddable":true,"href":"https:\/\/kine-sport-namur.be\/index.php?rest_route=\/wp\/v2\/users\/1"}],"replies":[{"embeddable":true,"href":"https:\/\/kine-sport-namur.be\/index.php?rest_route=%2Fwp%2Fv2%2Fcomments&post=1074"}],"version-history":[{"count":14,"href":"https:\/\/kine-sport-namur.be\/index.php?rest_route=\/wp\/v2\/pages\/1074\/revisions"}],"predecessor-version":[{"id":1284,"href":"https:\/\/kine-sport-namur.be\/index.php?rest_route=\/wp\/v2\/pages\/1074\/revisions\/1284"}],"up":[{"embeddable":true,"href":"https:\/\/kine-sport-namur.be\/index.php?rest_route=\/wp\/v2\/pages\/1192"}],"wp:attachment":[{"href":"https:\/\/kine-sport-namur.be\/index.php?rest_route=%2Fwp%2Fv2%2Fmedia&parent=1074"}],"curies":[{"name":"wp","href":"https:\/\/api.w.org\/{rel}","templated":true}]}}