{"id":1100,"date":"2017-12-10T13:12:48","date_gmt":"2017-12-10T12:12:48","guid":{"rendered":"http:\/\/kine-sport-namur.be\/?page_id=1100"},"modified":"2018-01-06T17:33:27","modified_gmt":"2018-01-06T16:33:27","slug":"kinesitherapie-generale","status":"publish","type":"page","link":"https:\/\/kine-sport-namur.be\/?page_id=1100","title":{"rendered":"Kin\u00e9sith\u00e9rapie g\u00e9n\u00e9rale"},"content":{"rendered":"<h3>Kin\u00e9sith\u00e9rapie g\u00e9n\u00e9rale<\/h3>\n<p><a href=\"http:\/\/kine-sport-namur.be\/wp-content\/uploads\/2018\/01\/Kinesportnamur-kinesiterapie-generale.jpg\" target=\"_blank\" rel=\"noopener\"><img loading=\"lazy\" class=\"aligncenter wp-image-1294 size-full\" title=\"Kin\u00e9sith\u00e9rapie chez Kin\u00e9 Sport Namur\" src=\"http:\/\/kine-sport-namur.be\/wp-content\/uploads\/2018\/01\/Kinesportnamur-kinesiterapie-generale.jpg\" alt=\"Kin\u00e9sith\u00e9rapie chez Kin\u00e9 Sport Namur\" width=\"1355\" height=\"400\" srcset=\"https:\/\/kine-sport-namur.be\/wp-content\/uploads\/2018\/01\/Kinesportnamur-kinesiterapie-generale.jpg 1355w, https:\/\/kine-sport-namur.be\/wp-content\/uploads\/2018\/01\/Kinesportnamur-kinesiterapie-generale-300x89.jpg 300w, https:\/\/kine-sport-namur.be\/wp-content\/uploads\/2018\/01\/Kinesportnamur-kinesiterapie-generale-768x227.jpg 768w, https:\/\/kine-sport-namur.be\/wp-content\/uploads\/2018\/01\/Kinesportnamur-kinesiterapie-generale-1024x302.jpg 1024w, https:\/\/kine-sport-namur.be\/wp-content\/uploads\/2018\/01\/Kinesportnamur-kinesiterapie-generale-418x123.jpg 418w\" sizes=\"(max-width: 1355px) 100vw, 1355px\" \/><\/a><\/p>\n<p>La kin\u00e9sith\u00e9rapie est une sp\u00e9cialit\u00e9 param\u00e9dicale utilisant des mouvements actifs (gymnastique m\u00e9dicale) ou passifs (\u00e9tirements, massage, mobilisations) et la physioth\u00e9rapie (ultrason, \u00e9lectrodes, froid, chaleur) afin de pr\u00e9venir ou r\u00e9\u00e9duquer les affections de l\u2019appareil locomoteur, maladies neurologies ou respiratoires.<\/p>\n<p>Apr\u00e8s un bilan d\u00e9taill\u00e9, la kin\u00e9sith\u00e9rapie permet d\u2019\u00e9tablir un traitement adapt\u00e9 en fonction de la pathologie en prenant en compte l\u2019\u00e2ge et les particularit\u00e9s du patient afin de r\u00e9cup\u00e9rer une autonomie maximale en vue de retrouver une vie personnelle, professionnelle et\/ou sportive optimale.<\/p>\n<p>&nbsp;<\/p>\n<p>Le patient est acteur de sa r\u00e9adaptation tout au long de son \u00e9volution fonctionnelle.<\/p>\n<div align=\"center\">\n<p><a href=\"http:\/\/kine-sport-namur.be\/wp-content\/uploads\/2018\/01\/Kinesioterapie_Kine_Sport_Namur4.jpg\" target=\"_blank\" rel=\"noopener\"><img loading=\"lazy\" class=\"alignnone wp-image-1270 size-medium\" title=\"Kin\u00e9sith\u00e9rapie chez Kin\u00e9 Sport Namur\" src=\"http:\/\/kine-sport-namur.be\/wp-content\/uploads\/2018\/01\/Kinesioterapie_Kine_Sport_Namur4-300x225.jpg\" alt=\"Kin\u00e9sith\u00e9rapie chez Kin\u00e9 Sport Namur\" width=\"300\" height=\"225\" srcset=\"https:\/\/kine-sport-namur.be\/wp-content\/uploads\/2018\/01\/Kinesioterapie_Kine_Sport_Namur4-300x225.jpg 300w, https:\/\/kine-sport-namur.be\/wp-content\/uploads\/2018\/01\/Kinesioterapie_Kine_Sport_Namur4-768x576.jpg 768w, https:\/\/kine-sport-namur.be\/wp-content\/uploads\/2018\/01\/Kinesioterapie_Kine_Sport_Namur4-418x314.jpg 418w, https:\/\/kine-sport-namur.be\/wp-content\/uploads\/2018\/01\/Kinesioterapie_Kine_Sport_Namur4-650x490.jpg 650w, https:\/\/kine-sport-namur.be\/wp-content\/uploads\/2018\/01\/Kinesioterapie_Kine_Sport_Namur4-301x226.jpg 301w, https:\/\/kine-sport-namur.be\/wp-content\/uploads\/2018\/01\/Kinesioterapie_Kine_Sport_Namur4-480x362.jpg 480w, https:\/\/kine-sport-namur.be\/wp-content\/uploads\/2018\/01\/Kinesioterapie_Kine_Sport_Namur4.jpg 800w\" sizes=\"(max-width: 300px) 100vw, 300px\" \/><\/a>\u00a0 \u00a0 \u00a0 \u00a0 \u00a0\u00a0 <a href=\"http:\/\/kine-sport-namur.be\/wp-content\/uploads\/2018\/01\/Kinesioterapie_Kine_Sport_Namur6.jpg\" target=\"_blank\" rel=\"noopener\"><img loading=\"lazy\" class=\"alignnone wp-image-1272 size-medium\" title=\"Kin\u00e9sith\u00e9rapie chez Kin\u00e9 Sport Namur\" src=\"http:\/\/kine-sport-namur.be\/wp-content\/uploads\/2018\/01\/Kinesioterapie_Kine_Sport_Namur6-300x225.jpg\" alt=\"Kin\u00e9sith\u00e9rapie chez Kin\u00e9 Sport Namur\" width=\"300\" height=\"225\" srcset=\"https:\/\/kine-sport-namur.be\/wp-content\/uploads\/2018\/01\/Kinesioterapie_Kine_Sport_Namur6-300x225.jpg 300w, https:\/\/kine-sport-namur.be\/wp-content\/uploads\/2018\/01\/Kinesioterapie_Kine_Sport_Namur6-768x576.jpg 768w, https:\/\/kine-sport-namur.be\/wp-content\/uploads\/2018\/01\/Kinesioterapie_Kine_Sport_Namur6-418x314.jpg 418w, https:\/\/kine-sport-namur.be\/wp-content\/uploads\/2018\/01\/Kinesioterapie_Kine_Sport_Namur6-650x490.jpg 650w, https:\/\/kine-sport-namur.be\/wp-content\/uploads\/2018\/01\/Kinesioterapie_Kine_Sport_Namur6-301x226.jpg 301w, https:\/\/kine-sport-namur.be\/wp-content\/uploads\/2018\/01\/Kinesioterapie_Kine_Sport_Namur6-480x362.jpg 480w, https:\/\/kine-sport-namur.be\/wp-content\/uploads\/2018\/01\/Kinesioterapie_Kine_Sport_Namur6.jpg 800w\" sizes=\"(max-width: 300px) 100vw, 300px\" \/><\/a>\u00a0 \u00a0 \u00a0 \u00a0 \u00a0\u00a0<a href=\"http:\/\/kine-sport-namur.be\/wp-content\/uploads\/2018\/01\/Kinesioterapie_Kine_Sport_Namur7.jpg\" target=\"_blank\" rel=\"noopener\"><img loading=\"lazy\" class=\"alignnone wp-image-1273 size-medium\" title=\"Kin\u00e9sith\u00e9rapie chez Kin\u00e9 Sport Namur\" src=\"http:\/\/kine-sport-namur.be\/wp-content\/uploads\/2018\/01\/Kinesioterapie_Kine_Sport_Namur7-300x225.jpg\" alt=\"Kin\u00e9sith\u00e9rapie chez Kin\u00e9 Sport Namur\" width=\"300\" height=\"225\" srcset=\"https:\/\/kine-sport-namur.be\/wp-content\/uploads\/2018\/01\/Kinesioterapie_Kine_Sport_Namur7-300x225.jpg 300w, https:\/\/kine-sport-namur.be\/wp-content\/uploads\/2018\/01\/Kinesioterapie_Kine_Sport_Namur7-768x576.jpg 768w, https:\/\/kine-sport-namur.be\/wp-content\/uploads\/2018\/01\/Kinesioterapie_Kine_Sport_Namur7-418x314.jpg 418w, https:\/\/kine-sport-namur.be\/wp-content\/uploads\/2018\/01\/Kinesioterapie_Kine_Sport_Namur7-650x490.jpg 650w, https:\/\/kine-sport-namur.be\/wp-content\/uploads\/2018\/01\/Kinesioterapie_Kine_Sport_Namur7-301x226.jpg 301w, https:\/\/kine-sport-namur.be\/wp-content\/uploads\/2018\/01\/Kinesioterapie_Kine_Sport_Namur7-480x362.jpg 480w, https:\/\/kine-sport-namur.be\/wp-content\/uploads\/2018\/01\/Kinesioterapie_Kine_Sport_Namur7.jpg 800w\" sizes=\"(max-width: 300px) 100vw, 300px\" \/><\/a><\/p>\n<p><a href=\"http:\/\/kine-sport-namur.be\/wp-content\/uploads\/2018\/01\/Kinesioterapie_Kine_Sport_Namur5.jpg\" target=\"_blank\" rel=\"noopener\"><img loading=\"lazy\" class=\"alignnone wp-image-1271 size-medium\" title=\"Kin\u00e9sith\u00e9rapie chez Kin\u00e9 Sport Namur\" src=\"http:\/\/kine-sport-namur.be\/wp-content\/uploads\/2018\/01\/Kinesioterapie_Kine_Sport_Namur5-300x225.jpg\" alt=\"Kin\u00e9sith\u00e9rapie chez Kin\u00e9 Sport Namur\" width=\"300\" height=\"225\" srcset=\"https:\/\/kine-sport-namur.be\/wp-content\/uploads\/2018\/01\/Kinesioterapie_Kine_Sport_Namur5-300x225.jpg 300w, https:\/\/kine-sport-namur.be\/wp-content\/uploads\/2018\/01\/Kinesioterapie_Kine_Sport_Namur5-768x576.jpg 768w, https:\/\/kine-sport-namur.be\/wp-content\/uploads\/2018\/01\/Kinesioterapie_Kine_Sport_Namur5-418x314.jpg 418w, https:\/\/kine-sport-namur.be\/wp-content\/uploads\/2018\/01\/Kinesioterapie_Kine_Sport_Namur5-650x490.jpg 650w, https:\/\/kine-sport-namur.be\/wp-content\/uploads\/2018\/01\/Kinesioterapie_Kine_Sport_Namur5-301x226.jpg 301w, https:\/\/kine-sport-namur.be\/wp-content\/uploads\/2018\/01\/Kinesioterapie_Kine_Sport_Namur5-480x362.jpg 480w, https:\/\/kine-sport-namur.be\/wp-content\/uploads\/2018\/01\/Kinesioterapie_Kine_Sport_Namur5.jpg 800w\" sizes=\"(max-width: 300px) 100vw, 300px\" \/><\/a>\u00a0 \u00a0 \u00a0 \u00a0 \u00a0\u00a0<a href=\"http:\/\/kine-sport-namur.be\/wp-content\/uploads\/2018\/01\/Kinesioterapie_Kine_Sport_Namur9.jpg\" target=\"_blank\" rel=\"noopener\"><img loading=\"lazy\" class=\"alignnone wp-image-1293 size-medium\" title=\"Kin\u00e9sith\u00e9rapie chez Kin\u00e9 Sport Namur\" src=\"http:\/\/kine-sport-namur.be\/wp-content\/uploads\/2018\/01\/Kinesioterapie_Kine_Sport_Namur9-300x225.jpg\" alt=\"Kin\u00e9sith\u00e9rapie chez Kin\u00e9 Sport Namur\" width=\"300\" height=\"225\" srcset=\"https:\/\/kine-sport-namur.be\/wp-content\/uploads\/2018\/01\/Kinesioterapie_Kine_Sport_Namur9-300x225.jpg 300w, https:\/\/kine-sport-namur.be\/wp-content\/uploads\/2018\/01\/Kinesioterapie_Kine_Sport_Namur9-768x576.jpg 768w, https:\/\/kine-sport-namur.be\/wp-content\/uploads\/2018\/01\/Kinesioterapie_Kine_Sport_Namur9-418x314.jpg 418w, https:\/\/kine-sport-namur.be\/wp-content\/uploads\/2018\/01\/Kinesioterapie_Kine_Sport_Namur9-650x490.jpg 650w, https:\/\/kine-sport-namur.be\/wp-content\/uploads\/2018\/01\/Kinesioterapie_Kine_Sport_Namur9-301x226.jpg 301w, https:\/\/kine-sport-namur.be\/wp-content\/uploads\/2018\/01\/Kinesioterapie_Kine_Sport_Namur9-480x362.jpg 480w, https:\/\/kine-sport-namur.be\/wp-content\/uploads\/2018\/01\/Kinesioterapie_Kine_Sport_Namur9.jpg 800w\" sizes=\"(max-width: 300px) 100vw, 300px\" \/><\/a><\/p>\n<\/div>\n","protected":false},"excerpt":{"rendered":"<p>Kin\u00e9sith\u00e9rapie g\u00e9n\u00e9rale La kin\u00e9sith\u00e9rapie est une sp\u00e9cialit\u00e9 param\u00e9dicale utilisant des mouvements actifs (gymnastique m\u00e9dicale) ou passifs (\u00e9tirements, massage, mobilisations) et la physioth\u00e9rapie (ultrason, \u00e9lectrodes, froid, chaleur) afin de pr\u00e9venir ou r\u00e9\u00e9duquer les affections de l\u2019appareil locomoteur, maladies neurologies ou respiratoires. Apr\u00e8s un bilan d\u00e9taill\u00e9, la kin\u00e9sith\u00e9rapie permet d\u2019\u00e9tablir un traitement adapt\u00e9 en fonction de la &hellip;<\/p>\n","protected":false},"author":1,"featured_media":0,"parent":1192,"menu_order":0,"comment_status":"closed","ping_status":"closed","template":"","meta":[],"_links":{"self":[{"href":"https:\/\/kine-sport-namur.be\/index.php?rest_route=\/wp\/v2\/pages\/1100"}],"collection":[{"href":"https:\/\/kine-sport-namur.be\/index.php?rest_route=\/wp\/v2\/pages"}],"about":[{"href":"https:\/\/kine-sport-namur.be\/index.php?rest_route=\/wp\/v2\/types\/page"}],"author":[{"embeddable":true,"href":"https:\/\/kine-sport-namur.be\/index.php?rest_route=\/wp\/v2\/users\/1"}],"replies":[{"embeddable":true,"href":"https:\/\/kine-sport-namur.be\/index.php?rest_route=%2Fwp%2Fv2%2Fcomments&post=1100"}],"version-history":[{"count":16,"href":"https:\/\/kine-sport-namur.be\/index.php?rest_route=\/wp\/v2\/pages\/1100\/revisions"}],"predecessor-version":[{"id":1301,"href":"https:\/\/kine-sport-namur.be\/index.php?rest_route=\/wp\/v2\/pages\/1100\/revisions\/1301"}],"up":[{"embeddable":true,"href":"https:\/\/kine-sport-namur.be\/index.php?rest_route=\/wp\/v2\/pages\/1192"}],"wp:attachment":[{"href":"https:\/\/kine-sport-namur.be\/index.php?rest_route=%2Fwp%2Fv2%2Fmedia&parent=1100"}],"curies":[{"name":"wp","href":"https:\/\/api.w.org\/{rel}","templated":true}]}}