{"id":1102,"date":"2017-12-10T13:13:26","date_gmt":"2017-12-10T12:13:26","guid":{"rendered":"http:\/\/kine-sport-namur.be\/?page_id=1102"},"modified":"2017-12-11T11:06:52","modified_gmt":"2017-12-11T10:06:52","slug":"la-therapie-manuelle-et-sportive","status":"publish","type":"page","link":"https:\/\/kine-sport-namur.be\/?page_id=1102","title":{"rendered":"La th\u00e9rapie manuelle et sportive"},"content":{"rendered":"<h3>La th\u00e9rapie manuelle et sportive<\/h3>\n<p><em>Les mains sont l\u2019outil essentiel du kin\u00e9sith\u00e9rapeute&#8230;<\/em><\/p>\n<p>Votre corps a subi un traumatisme physique, voire m\u00eame \u00e9motionnel, connu ou non. Celui-ci vous le rappelle par des douleurs, raideurs, fourmillements, maux de t\u00eate, tensions abdominales, r\u00e9gression sportive,\u2026 Une prise en charge de vos maux par un th\u00e9rapeute manuel pourrait s\u2019av\u00e9rer tr\u00e8s efficace.<\/p>\n<p>La Th\u00e9rapie Manuelle et Sportive est une approche diagnostique et th\u00e9rapeutique.<\/p>\n<p>Le diagnostique consiste, en premier lieu, \u00e0 une discussion avec le patient pour conna\u00eetre l\u2019histoire de sa douleur, de ses g\u00eanes pour ensuite observer de mani\u00e8re globale, puis d\u00e9taill\u00e9e, la posture prise par le patient. Elle se termine par une palpation de ses points douloureux et par des tests de mobilit\u00e9.<\/p>\n<p>Vient alors le traitement. Celui-ci reprend des techniques myotensives (travail sur la tension musculaire), des mobilisations articulaires sp\u00e9cifiques, le travail des points &#8220;triggers&#8221; (d\u00e9clencheurs) ainsi que des techniques de r\u00e9harmonisation visc\u00e9rale.<\/p>\n<p>Le th\u00e9rapeute manuel se base sur le principe qu\u2019une douleur et\/ou une perte de fonctionnalit\u00e9 motrice, sensitive ou visc\u00e9rale provient g\u00e9n\u00e9ralement d\u2019une restriction de mobilit\u00e9 articulaire et\/ou tissulaire. Il entreprend alors de restituer le mouvement physiologique \u00e0 la structure l\u00e9s\u00e9e.<\/p>\n","protected":false},"excerpt":{"rendered":"<p>La th\u00e9rapie manuelle et sportive Les mains sont l\u2019outil essentiel du kin\u00e9sith\u00e9rapeute&#8230; Votre corps a subi un traumatisme physique, voire m\u00eame \u00e9motionnel, connu ou non. Celui-ci vous le rappelle par des douleurs, raideurs, fourmillements, maux de t\u00eate, tensions abdominales, r\u00e9gression sportive,\u2026 Une prise en charge de vos maux par un th\u00e9rapeute manuel pourrait s\u2019av\u00e9rer tr\u00e8s &hellip;<\/p>\n","protected":false},"author":1,"featured_media":0,"parent":1192,"menu_order":0,"comment_status":"closed","ping_status":"closed","template":"","meta":[],"_links":{"self":[{"href":"https:\/\/kine-sport-namur.be\/index.php?rest_route=\/wp\/v2\/pages\/1102"}],"collection":[{"href":"https:\/\/kine-sport-namur.be\/index.php?rest_route=\/wp\/v2\/pages"}],"about":[{"href":"https:\/\/kine-sport-namur.be\/index.php?rest_route=\/wp\/v2\/types\/page"}],"author":[{"embeddable":true,"href":"https:\/\/kine-sport-namur.be\/index.php?rest_route=\/wp\/v2\/users\/1"}],"replies":[{"embeddable":true,"href":"https:\/\/kine-sport-namur.be\/index.php?rest_route=%2Fwp%2Fv2%2Fcomments&post=1102"}],"version-history":[{"count":1,"href":"https:\/\/kine-sport-namur.be\/index.php?rest_route=\/wp\/v2\/pages\/1102\/revisions"}],"predecessor-version":[{"id":1103,"href":"https:\/\/kine-sport-namur.be\/index.php?rest_route=\/wp\/v2\/pages\/1102\/revisions\/1103"}],"up":[{"embeddable":true,"href":"https:\/\/kine-sport-namur.be\/index.php?rest_route=\/wp\/v2\/pages\/1192"}],"wp:attachment":[{"href":"https:\/\/kine-sport-namur.be\/index.php?rest_route=%2Fwp%2Fv2%2Fmedia&parent=1102"}],"curies":[{"name":"wp","href":"https:\/\/api.w.org\/{rel}","templated":true}]}}