{"id":1104,"date":"2017-12-10T13:13:57","date_gmt":"2017-12-10T12:13:57","guid":{"rendered":"http:\/\/kine-sport-namur.be\/?page_id=1104"},"modified":"2018-01-18T23:10:36","modified_gmt":"2018-01-18T22:10:36","slug":"le-crochetage-myo-aponevrotique","status":"publish","type":"page","link":"https:\/\/kine-sport-namur.be\/?page_id=1104","title":{"rendered":"Le crochetage myo-apon\u00e9vrotique"},"content":{"rendered":"<h3>Le crochetage myo-apon\u00e9vrotique<\/h3>\n<p><a href=\"http:\/\/kine-sport-namur.be\/wp-content\/uploads\/2018\/01\/crochetage.jpg\" target=\"_blank\" rel=\"noopener\"><img loading=\"lazy\" class=\"alignleft wp-image-1261 size-medium\" title=\"Le crochetage myo-apon\u00e9vrotique Kin\u00e9 sport Namur\" src=\"http:\/\/kine-sport-namur.be\/wp-content\/uploads\/2018\/01\/crochetage-300x225.jpg\" alt=\"Le crochetage myo-apon\u00e9vrotique Kin\u00e9 sport Namur\" width=\"300\" height=\"225\" srcset=\"https:\/\/kine-sport-namur.be\/wp-content\/uploads\/2018\/01\/crochetage-300x225.jpg 300w, https:\/\/kine-sport-namur.be\/wp-content\/uploads\/2018\/01\/crochetage-768x576.jpg 768w, https:\/\/kine-sport-namur.be\/wp-content\/uploads\/2018\/01\/crochetage-418x314.jpg 418w, https:\/\/kine-sport-namur.be\/wp-content\/uploads\/2018\/01\/crochetage-650x490.jpg 650w, https:\/\/kine-sport-namur.be\/wp-content\/uploads\/2018\/01\/crochetage-301x226.jpg 301w, https:\/\/kine-sport-namur.be\/wp-content\/uploads\/2018\/01\/crochetage-480x362.jpg 480w, https:\/\/kine-sport-namur.be\/wp-content\/uploads\/2018\/01\/crochetage.jpg 800w\" sizes=\"(max-width: 300px) 100vw, 300px\" \/><\/a>Dans les plans de glissement myo-apon\u00e9vrotique profonds, les adh\u00e9rences et les d\u00e9p\u00f4ts de petites dimensions sont difficilement palpables. Les diff\u00e9rents crochets en fonction de leur taille et de leur rayon de courbure permettent d\u2019atteindre les structures pathog\u00e8nes o\u00f9 les mains du th\u00e9rapeute ne peuvent aller.<br \/>\nLe crochetage agit sur le syst\u00e8me musculo-squelettique. Le tissu conjonctif (TC) constitue une importante partie des tissus mous (tendon, ligament, apon\u00e9vrose, \u2026). Les r\u00f4les principaux du TC sont des r\u00f4les de raccord, de soutien, de cloisonnement et d\u2019enveloppement.<br \/>\nChaque \u00e9l\u00e9ment du TC poss\u00e8de sa propre tension physiologique. Au-del\u00e0 de ce seuil, les r\u00e9cepteurs sensitifs envoient des informations d\u2019\u00e9tirement de douleur. Ces infos d\u00e9clenchent imm\u00e9diatement par voie r\u00e9flexe une r\u00e9ponse musculaire. Cette r\u00e9ponse musculaire ob\u00e9it \u00e0 la loi de non douleur qui r\u00e9git le fonctionnement du corps.<br \/>\nQuand le TC est alt\u00e9r\u00e9, il y aura organisation d\u2019adh\u00e9rence au sein de ce tissu, les causes sont cicatricielles (post-op\u00e9ratoire, post-traumatique,\u2026), biom\u00e9caniques (hypersollicitation, gestes r\u00e9p\u00e9t\u00e9s, \u2026) et m\u00e9taboliques (d\u00e9faut d\u2019\u00e9limination,\u2026).<br \/>\n\u00ab\u00a0<i>Les adh\u00e9rences sont des bandes fibreuses pathologiques, r\u00e9sultant de la formation d\u2019exsudats inflammatoires ou traumatiques, caus\u00e9es par la stagnation des liquides tissulaires. Elles tendent \u00e0 se former entre les os, les muscles, les plans fasciaux des visc\u00e8res, ainsi que les aires p\u00e9ri-articulaires\u00a0<\/i>\u00bb (Perronneaud-Ferr\u00e9)<br \/>\nL\u2019objectif de cette th\u00e9rapie r\u00e9sulte souvent dans la fibrolyse des adh\u00e9rences situ\u00e9e entre les tissus mous. Ceci permettra aux syst\u00e8mes nerveux et vasculaires, qui sont install\u00e9 entre les tissus mous, une meilleur innervation et vascularisation des zones sous-jacentes aux adh\u00e9rences. Le crochetage pourra \u00e9galement permettre aux muscles, aux fascias et aux apon\u00e9vroses un glissement optimal entre eux.<br \/>\nQu\u2019il s\u2019agisse de lib\u00e9ration d\u2019adh\u00e9rence ou de fibrolyse de certains corpuscules inter-apon\u00e9vrotiques, il ne faudra certainement pas n\u00e9gliger l\u2019incontestable rel\u00e2chement musculaire. Cette d\u00e9contraction li\u00e9e aux mobilisations transversales des fibres et l\u2019am\u00e9lioration circulatoire nerveuse et vasculaire est engendr\u00e9 par simple suppression des tensions environnantes. Le crochetage aura \u00e9galement une action r\u00e9flexe en agissant sur les points d\u2019inhibition (point trigger).<br \/>\nCette m\u00e9thode efficace, car bas\u00e9e sur les rapports anatomiques, se con\u00e7oit comme un compl\u00e9ment et non un remplacement des techniques th\u00e9rapeutiques classiques.<br \/>\n<a href=\"http:\/\/kine-sport-namur.be\/wp-content\/uploads\/2018\/01\/crochetage_grand.jpg\" target=\"_blank\" rel=\"noopener\"><img loading=\"lazy\" class=\"aligncenter wp-image-1262 size-full\" title=\"Le crochetage myo-apon\u00e9vrotique Kin\u00e9 sport Namur\" src=\"http:\/\/kine-sport-namur.be\/wp-content\/uploads\/2018\/01\/crochetage_grand.jpg\" alt=\"Le crochetage myo-apon\u00e9vrotique Kin\u00e9 sport Namur\" width=\"1355\" height=\"400\" srcset=\"https:\/\/kine-sport-namur.be\/wp-content\/uploads\/2018\/01\/crochetage_grand.jpg 1355w, https:\/\/kine-sport-namur.be\/wp-content\/uploads\/2018\/01\/crochetage_grand-300x89.jpg 300w, https:\/\/kine-sport-namur.be\/wp-content\/uploads\/2018\/01\/crochetage_grand-768x227.jpg 768w, https:\/\/kine-sport-namur.be\/wp-content\/uploads\/2018\/01\/crochetage_grand-1024x302.jpg 1024w, https:\/\/kine-sport-namur.be\/wp-content\/uploads\/2018\/01\/crochetage_grand-418x123.jpg 418w\" sizes=\"(max-width: 1355px) 100vw, 1355px\" \/><\/a><\/p>\n","protected":false},"excerpt":{"rendered":"<p>Le crochetage myo-apon\u00e9vrotique Dans les plans de glissement myo-apon\u00e9vrotique profonds, les adh\u00e9rences et les d\u00e9p\u00f4ts de petites dimensions sont difficilement palpables. Les diff\u00e9rents crochets en fonction de leur taille et de leur rayon de courbure permettent d\u2019atteindre les structures pathog\u00e8nes o\u00f9 les mains du th\u00e9rapeute ne peuvent aller. Le crochetage agit sur le syst\u00e8me musculo-squelettique. &hellip;<\/p>\n","protected":false},"author":1,"featured_media":0,"parent":1192,"menu_order":0,"comment_status":"closed","ping_status":"closed","template":"","meta":[],"_links":{"self":[{"href":"https:\/\/kine-sport-namur.be\/index.php?rest_route=\/wp\/v2\/pages\/1104"}],"collection":[{"href":"https:\/\/kine-sport-namur.be\/index.php?rest_route=\/wp\/v2\/pages"}],"about":[{"href":"https:\/\/kine-sport-namur.be\/index.php?rest_route=\/wp\/v2\/types\/page"}],"author":[{"embeddable":true,"href":"https:\/\/kine-sport-namur.be\/index.php?rest_route=\/wp\/v2\/users\/1"}],"replies":[{"embeddable":true,"href":"https:\/\/kine-sport-namur.be\/index.php?rest_route=%2Fwp%2Fv2%2Fcomments&post=1104"}],"version-history":[{"count":5,"href":"https:\/\/kine-sport-namur.be\/index.php?rest_route=\/wp\/v2\/pages\/1104\/revisions"}],"predecessor-version":[{"id":1349,"href":"https:\/\/kine-sport-namur.be\/index.php?rest_route=\/wp\/v2\/pages\/1104\/revisions\/1349"}],"up":[{"embeddable":true,"href":"https:\/\/kine-sport-namur.be\/index.php?rest_route=\/wp\/v2\/pages\/1192"}],"wp:attachment":[{"href":"https:\/\/kine-sport-namur.be\/index.php?rest_route=%2Fwp%2Fv2%2Fmedia&parent=1104"}],"curies":[{"name":"wp","href":"https:\/\/api.w.org\/{rel}","templated":true}]}}