{"id":1117,"date":"2017-12-10T14:30:25","date_gmt":"2017-12-10T13:30:25","guid":{"rendered":"http:\/\/kine-sport-namur.be\/?page_id=1117"},"modified":"2018-01-06T17:37:26","modified_gmt":"2018-01-06T16:37:26","slug":"ostheopathie","status":"publish","type":"page","link":"https:\/\/kine-sport-namur.be\/?page_id=1117","title":{"rendered":"Ost\u00e9opathie"},"content":{"rendered":"<h3>Osth\u00e9opathie<\/h3>\n<h6><img loading=\"lazy\" class=\"aligncenter wp-image-1275 size-full\" title=\"Ost\u00e9opathie chez Kin\u00e9 Sport Namur\" src=\"http:\/\/kine-sport-namur.be\/wp-content\/uploads\/2018\/01\/Osteopathie_Sportive_grand.jpg\" alt=\"Ost\u00e9opathie chez Kin\u00e9 Sport Namur\" width=\"1355\" height=\"400\" srcset=\"https:\/\/kine-sport-namur.be\/wp-content\/uploads\/2018\/01\/Osteopathie_Sportive_grand.jpg 1355w, https:\/\/kine-sport-namur.be\/wp-content\/uploads\/2018\/01\/Osteopathie_Sportive_grand-300x89.jpg 300w, https:\/\/kine-sport-namur.be\/wp-content\/uploads\/2018\/01\/Osteopathie_Sportive_grand-768x227.jpg 768w, https:\/\/kine-sport-namur.be\/wp-content\/uploads\/2018\/01\/Osteopathie_Sportive_grand-1024x302.jpg 1024w, https:\/\/kine-sport-namur.be\/wp-content\/uploads\/2018\/01\/Osteopathie_Sportive_grand-418x123.jpg 418w\" sizes=\"(max-width: 1355px) 100vw, 1355px\" \/>L\u2019ost\u00e9opathie, c&#8217;est quoi ?<\/h6>\n<p>L&#8217;ost\u00e9opathie est une approche diagnostique et th\u00e9rapeutique manuelle des dysfonctions de mobilit\u00e9 articulaire et tissulaire en g\u00e9n\u00e9ral dans le cadre de leur participation \u00e0 l&#8217;apparition des maladies\u00a0<span style=\"font-size: 11.0pt; font-family: 'Arial',sans-serif; color: black;\">(Acad\u00e9mie d&#8217;Ost\u00e9opathie de Belgique asbl)<\/span><\/p>\n<h6>Que soigne l\u2019ost\u00e9opathie\u2009?<\/h6>\n<p>L\u2019ost\u00e9opathie est indiqu\u00e9e pour traiter de nombreux sympt\u00f4mes. Parmi les probl\u00e9matiques fr\u00e9quemment rencontr\u00e9es, on retrouve :<\/p>\n<ul>\n<li>mal de dos, lumbago, torticolis, nerf sciatique bloqu\u00e9,<\/li>\n<li>blessures musculaires li\u00e9es \u00e0 une chute,<\/li>\n<li>troubles digestifs,<\/li>\n<li>troubles circulatoires,<\/li>\n<li>troubles respiratoires,<\/li>\n<li>c\u00e9phal\u00e9es,<\/li>\n<li>difficult\u00e9 \u00e0 g\u00e9rer son stress, anxi\u00e9t\u00e9,<\/li>\n<li>douleurs li\u00e9es \u00e0 la pratique d\u2019un sport, y compris pour les sportifs de haut niveau,<\/li>\n<li>motifs li\u00e9s \u00e0 la grossesse, la naissance et la petite enfance.<\/li>\n<\/ul>\n<p>L\u2019ost\u00e9opathie est \u00e9galement conseill\u00e9e chez les <a href=\"http:\/\/kine-sport-namur.be\/?page_id=1128\">b\u00e9b\u00e9s<\/a> pour des probl\u00e8mes vari\u00e9s comme : mauvaise digestion, reflux, \u00ab\u2009t\u00eate plate\u2009\u00bb, torticolis\u2026<\/p>\n<p>Ces listes sont bien entendu non exhaustives. N\u2019h\u00e9sitez pas \u00e0 nous <a href=\"http:\/\/kine-sport-namur.be\/?page_id=405\">contacter<\/a> si vous \u00eates confront\u00e9 \u00e0 certains maux et que vous vous demandez s\u2019ils peuvent \u00eatre trait\u00e9s par l\u2019ost\u00e9opathie.<\/p>\n<div align=\"center\"><img loading=\"lazy\" class=\"alignnone wp-image-1276 size-medium\" title=\"Ost\u00e9opathie chez Kin\u00e9 Sport Namur\" src=\"http:\/\/kine-sport-namur.be\/wp-content\/uploads\/2018\/01\/Osteopathie-Kinesportnamur-300x225.jpg\" alt=\"Ost\u00e9opathie chez Kin\u00e9 Sport Namur\" width=\"300\" height=\"225\" srcset=\"https:\/\/kine-sport-namur.be\/wp-content\/uploads\/2018\/01\/Osteopathie-Kinesportnamur-300x225.jpg 300w, https:\/\/kine-sport-namur.be\/wp-content\/uploads\/2018\/01\/Osteopathie-Kinesportnamur-768x576.jpg 768w, https:\/\/kine-sport-namur.be\/wp-content\/uploads\/2018\/01\/Osteopathie-Kinesportnamur-418x314.jpg 418w, https:\/\/kine-sport-namur.be\/wp-content\/uploads\/2018\/01\/Osteopathie-Kinesportnamur-650x490.jpg 650w, https:\/\/kine-sport-namur.be\/wp-content\/uploads\/2018\/01\/Osteopathie-Kinesportnamur-301x226.jpg 301w, https:\/\/kine-sport-namur.be\/wp-content\/uploads\/2018\/01\/Osteopathie-Kinesportnamur-480x362.jpg 480w, https:\/\/kine-sport-namur.be\/wp-content\/uploads\/2018\/01\/Osteopathie-Kinesportnamur.jpg 800w\" sizes=\"(max-width: 300px) 100vw, 300px\" \/>\u00a0 \u00a0 \u00a0 \u00a0 \u00a0 \u00a0 \u00a0 \u00a0 \u00a0 \u00a0\u00a0 <img loading=\"lazy\" class=\"alignnone wp-image-1277 size-medium\" title=\"Ost\u00e9opathie chez Kin\u00e9 Sport Namur\" src=\"http:\/\/kine-sport-namur.be\/wp-content\/uploads\/2018\/01\/Osteopathie-Kine-sport-namur-300x225.jpg\" alt=\"Ost\u00e9opathie chez Kin\u00e9 Sport Namur\" width=\"300\" height=\"225\" srcset=\"https:\/\/kine-sport-namur.be\/wp-content\/uploads\/2018\/01\/Osteopathie-Kine-sport-namur-300x225.jpg 300w, https:\/\/kine-sport-namur.be\/wp-content\/uploads\/2018\/01\/Osteopathie-Kine-sport-namur-768x576.jpg 768w, https:\/\/kine-sport-namur.be\/wp-content\/uploads\/2018\/01\/Osteopathie-Kine-sport-namur-418x314.jpg 418w, https:\/\/kine-sport-namur.be\/wp-content\/uploads\/2018\/01\/Osteopathie-Kine-sport-namur-650x490.jpg 650w, https:\/\/kine-sport-namur.be\/wp-content\/uploads\/2018\/01\/Osteopathie-Kine-sport-namur-301x226.jpg 301w, https:\/\/kine-sport-namur.be\/wp-content\/uploads\/2018\/01\/Osteopathie-Kine-sport-namur-480x362.jpg 480w, https:\/\/kine-sport-namur.be\/wp-content\/uploads\/2018\/01\/Osteopathie-Kine-sport-namur.jpg 800w\" sizes=\"(max-width: 300px) 100vw, 300px\" \/><\/div>\n","protected":false},"excerpt":{"rendered":"<p>Osth\u00e9opathie L\u2019ost\u00e9opathie, c&#8217;est quoi ? L&#8217;ost\u00e9opathie est une approche diagnostique et th\u00e9rapeutique manuelle des dysfonctions de mobilit\u00e9 articulaire et tissulaire en g\u00e9n\u00e9ral dans le cadre de leur participation \u00e0 l&#8217;apparition des maladies\u00a0(Acad\u00e9mie d&#8217;Ost\u00e9opathie de Belgique asbl) Que soigne l\u2019ost\u00e9opathie\u2009? L\u2019ost\u00e9opathie est indiqu\u00e9e pour traiter de nombreux sympt\u00f4mes. Parmi les probl\u00e9matiques fr\u00e9quemment rencontr\u00e9es, on retrouve : &hellip;<\/p>\n","protected":false},"author":1,"featured_media":0,"parent":173,"menu_order":0,"comment_status":"closed","ping_status":"closed","template":"","meta":[],"_links":{"self":[{"href":"https:\/\/kine-sport-namur.be\/index.php?rest_route=\/wp\/v2\/pages\/1117"}],"collection":[{"href":"https:\/\/kine-sport-namur.be\/index.php?rest_route=\/wp\/v2\/pages"}],"about":[{"href":"https:\/\/kine-sport-namur.be\/index.php?rest_route=\/wp\/v2\/types\/page"}],"author":[{"embeddable":true,"href":"https:\/\/kine-sport-namur.be\/index.php?rest_route=\/wp\/v2\/users\/1"}],"replies":[{"embeddable":true,"href":"https:\/\/kine-sport-namur.be\/index.php?rest_route=%2Fwp%2Fv2%2Fcomments&post=1117"}],"version-history":[{"count":13,"href":"https:\/\/kine-sport-namur.be\/index.php?rest_route=\/wp\/v2\/pages\/1117\/revisions"}],"predecessor-version":[{"id":1304,"href":"https:\/\/kine-sport-namur.be\/index.php?rest_route=\/wp\/v2\/pages\/1117\/revisions\/1304"}],"up":[{"embeddable":true,"href":"https:\/\/kine-sport-namur.be\/index.php?rest_route=\/wp\/v2\/pages\/173"}],"wp:attachment":[{"href":"https:\/\/kine-sport-namur.be\/index.php?rest_route=%2Fwp%2Fv2%2Fmedia&parent=1117"}],"curies":[{"name":"wp","href":"https:\/\/api.w.org\/{rel}","templated":true}]}}