{"id":1128,"date":"2017-12-10T14:43:57","date_gmt":"2017-12-10T13:43:57","guid":{"rendered":"http:\/\/kine-sport-namur.be\/?page_id=1128"},"modified":"2018-02-04T21:11:15","modified_gmt":"2018-02-04T20:11:15","slug":"nourrissons","status":"publish","type":"page","link":"https:\/\/kine-sport-namur.be\/?page_id=1128","title":{"rendered":"Ost\u00e9opathie chez les Nourrissons"},"content":{"rendered":"<h3>L&#8217;Ost\u00e9opathie chez les nourrissons<\/h3>\n<p><img loading=\"lazy\" class=\"alignleft size-medium wp-image-1378\" src=\"http:\/\/kine-sport-namur.be\/wp-content\/uploads\/2018\/02\/Osteopathie_nourrissons-300x225.jpg\" alt=\"\" width=\"300\" height=\"225\" srcset=\"https:\/\/kine-sport-namur.be\/wp-content\/uploads\/2018\/02\/Osteopathie_nourrissons-300x225.jpg 300w, https:\/\/kine-sport-namur.be\/wp-content\/uploads\/2018\/02\/Osteopathie_nourrissons-768x576.jpg 768w, https:\/\/kine-sport-namur.be\/wp-content\/uploads\/2018\/02\/Osteopathie_nourrissons-418x314.jpg 418w, https:\/\/kine-sport-namur.be\/wp-content\/uploads\/2018\/02\/Osteopathie_nourrissons-650x490.jpg 650w, https:\/\/kine-sport-namur.be\/wp-content\/uploads\/2018\/02\/Osteopathie_nourrissons-301x226.jpg 301w, https:\/\/kine-sport-namur.be\/wp-content\/uploads\/2018\/02\/Osteopathie_nourrissons-480x362.jpg 480w, https:\/\/kine-sport-namur.be\/wp-content\/uploads\/2018\/02\/Osteopathie_nourrissons.jpg 800w\" sizes=\"(max-width: 300px) 100vw, 300px\" \/>Lorsqu\u2019il est dans le ventre de sa maman ou, lors de l\u2019accouchement, le b\u00e9b\u00e9 peut subir diff\u00e9rentes contraintes entra\u00eenant des d\u00e9s\u00e9quilibres du tonus musculaire et\/ou de la mobilit\u00e9.<br \/>\nLe r\u00f4le de l\u2019ost\u00e9opathe est de d\u00e9couvrir ces dysfonctions et d\u2019apporter une correction adapt\u00e9e pour veiller au bon fonctionnement de l\u2019appareil de mobilit\u00e9 du corps, du syst\u00e8me digestif et de la bonne souplesse de la sph\u00e8re cr\u00e2nienne afin de l\u2019aider au mieux \u00e0 son \u00e9panouissement et \u00e0 son d\u00e9veloppement.<br \/>\nIl est recommand\u00e9 d\u2019amener son enfant \u00e0 un ost\u00e9opathe pour :<br \/>\n\u2022 Bilans apr\u00e8s la naissance et avant la marche<br \/>\n\u2022 Naissance laborieuse (par le si\u00e8ge, utilisation de forceps, ventouse&#8230;)<br \/>\n\u2022 Asym\u00e9trie du cr\u00e2ne, plagioc\u00e9phalie<br \/>\n\u2022 Trouble du sommeil<br \/>\n\u2022 Troubles digestifs tels que le reflux, les r\u00e9gurgitations, les coliques du nourrisson<br \/>\n\u2022 Torticolis<br \/>\n\u2022 Cris, pleurs<br \/>\n\u2022 Retard de l\u2019apprentissage<br \/>\n\u2022 Hyper ou hypoactivit\u00e9<br \/>\nCette liste n&#8217;est pas exhaustive, n\u2019h\u00e9sitez pas \u00e0 demander conseil \u00e0 votre praticien.<\/p>\n","protected":false},"excerpt":{"rendered":"<p>L&#8217;Ost\u00e9opathie chez les nourrissons Lorsqu\u2019il est dans le ventre de sa maman ou, lors de l\u2019accouchement, le b\u00e9b\u00e9 peut subir diff\u00e9rentes contraintes entra\u00eenant des d\u00e9s\u00e9quilibres du tonus musculaire et\/ou de la mobilit\u00e9. Le r\u00f4le de l\u2019ost\u00e9opathe est de d\u00e9couvrir ces dysfonctions et d\u2019apporter une correction adapt\u00e9e pour veiller au bon fonctionnement de l\u2019appareil de mobilit\u00e9 &hellip;<\/p>\n","protected":false},"author":1,"featured_media":0,"parent":1117,"menu_order":0,"comment_status":"closed","ping_status":"closed","template":"","meta":[],"_links":{"self":[{"href":"https:\/\/kine-sport-namur.be\/index.php?rest_route=\/wp\/v2\/pages\/1128"}],"collection":[{"href":"https:\/\/kine-sport-namur.be\/index.php?rest_route=\/wp\/v2\/pages"}],"about":[{"href":"https:\/\/kine-sport-namur.be\/index.php?rest_route=\/wp\/v2\/types\/page"}],"author":[{"embeddable":true,"href":"https:\/\/kine-sport-namur.be\/index.php?rest_route=\/wp\/v2\/users\/1"}],"replies":[{"embeddable":true,"href":"https:\/\/kine-sport-namur.be\/index.php?rest_route=%2Fwp%2Fv2%2Fcomments&post=1128"}],"version-history":[{"count":5,"href":"https:\/\/kine-sport-namur.be\/index.php?rest_route=\/wp\/v2\/pages\/1128\/revisions"}],"predecessor-version":[{"id":1381,"href":"https:\/\/kine-sport-namur.be\/index.php?rest_route=\/wp\/v2\/pages\/1128\/revisions\/1381"}],"up":[{"embeddable":true,"href":"https:\/\/kine-sport-namur.be\/index.php?rest_route=\/wp\/v2\/pages\/1117"}],"wp:attachment":[{"href":"https:\/\/kine-sport-namur.be\/index.php?rest_route=%2Fwp%2Fv2%2Fmedia&parent=1128"}],"curies":[{"name":"wp","href":"https:\/\/api.w.org\/{rel}","templated":true}]}}