{"id":1134,"date":"2017-12-10T15:36:29","date_gmt":"2017-12-10T14:36:29","guid":{"rendered":"http:\/\/kine-sport-namur.be\/?page_id=1134"},"modified":"2017-12-10T16:19:06","modified_gmt":"2017-12-10T15:19:06","slug":"osteopathie-pour-adultes","status":"publish","type":"page","link":"https:\/\/kine-sport-namur.be\/?page_id=1134","title":{"rendered":"Ost\u00e9opathie pour adultes"},"content":{"rendered":"<h3>Ost\u00e9opathie pour adultes<\/h3>\n<p>Rechercher des d\u00e9s\u00e9quilibres \u00e0 l\u2019origine d\u2019une douleur, tel est le but d\u2019un ost\u00e9opathe pour veiller au confort maximal du patient.<br \/>\nN\u2019h\u00e9sitez pas \u00e0 consulter pour :<\/p>\n<ul>\n<li>Bilans annuels<\/li>\n<li>Tendinites<\/li>\n<li>Traumatismes<\/li>\n<li>Entorse de cheville<\/li>\n<li>Cervicalgie, dorsalgie, lombalgie<\/li>\n<li>Sciatiques, sciatalgies<\/li>\n<li>C\u00e9phal\u00e9es et migraines<\/li>\n<li>Affections ORL chroniques<\/li>\n<li>Douleurs musculaires<\/li>\n<li>Troubles digestifs (reflux, ballonnement, constipation, diarrh\u00e9e, br\u00fblure d\u2019estomac)<\/li>\n<\/ul>\n<p>Cette liste n&#8217;est pas exhaustive, n\u2019h\u00e9sitez pas \u00e0 demander conseil \u00e0 votre praticien.<\/p>\n","protected":false},"excerpt":{"rendered":"<p>Ost\u00e9opathie pour adultes Rechercher des d\u00e9s\u00e9quilibres \u00e0 l\u2019origine d\u2019une douleur, tel est le but d\u2019un ost\u00e9opathe pour veiller au confort maximal du patient. N\u2019h\u00e9sitez pas \u00e0 consulter pour : Bilans annuels Tendinites Traumatismes Entorse de cheville Cervicalgie, dorsalgie, lombalgie Sciatiques, sciatalgies C\u00e9phal\u00e9es et migraines Affections ORL chroniques Douleurs musculaires Troubles digestifs (reflux, ballonnement, constipation, diarrh\u00e9e, &hellip;<\/p>\n","protected":false},"author":1,"featured_media":0,"parent":1117,"menu_order":0,"comment_status":"closed","ping_status":"closed","template":"","meta":[],"_links":{"self":[{"href":"https:\/\/kine-sport-namur.be\/index.php?rest_route=\/wp\/v2\/pages\/1134"}],"collection":[{"href":"https:\/\/kine-sport-namur.be\/index.php?rest_route=\/wp\/v2\/pages"}],"about":[{"href":"https:\/\/kine-sport-namur.be\/index.php?rest_route=\/wp\/v2\/types\/page"}],"author":[{"embeddable":true,"href":"https:\/\/kine-sport-namur.be\/index.php?rest_route=\/wp\/v2\/users\/1"}],"replies":[{"embeddable":true,"href":"https:\/\/kine-sport-namur.be\/index.php?rest_route=%2Fwp%2Fv2%2Fcomments&post=1134"}],"version-history":[{"count":1,"href":"https:\/\/kine-sport-namur.be\/index.php?rest_route=\/wp\/v2\/pages\/1134\/revisions"}],"predecessor-version":[{"id":1135,"href":"https:\/\/kine-sport-namur.be\/index.php?rest_route=\/wp\/v2\/pages\/1134\/revisions\/1135"}],"up":[{"embeddable":true,"href":"https:\/\/kine-sport-namur.be\/index.php?rest_route=\/wp\/v2\/pages\/1117"}],"wp:attachment":[{"href":"https:\/\/kine-sport-namur.be\/index.php?rest_route=%2Fwp%2Fv2%2Fmedia&parent=1134"}],"curies":[{"name":"wp","href":"https:\/\/api.w.org\/{rel}","templated":true}]}}