{"id":1188,"date":"2017-12-10T16:17:10","date_gmt":"2017-12-10T15:17:10","guid":{"rendered":"http:\/\/kine-sport-namur.be\/?page_id=1188"},"modified":"2018-01-06T17:40:26","modified_gmt":"2018-01-06T16:40:26","slug":"osteopathie-chez-les-sportifs","status":"publish","type":"page","link":"https:\/\/kine-sport-namur.be\/?page_id=1188","title":{"rendered":"Ost\u00e9opathie chez les sportifs"},"content":{"rendered":"<h3>Ost\u00e9opathie chez les sportifs<\/h3>\n<p><img loading=\"lazy\" class=\"alignleft wp-image-1274 size-medium\" title=\"Ost\u00e9opathie du sport chez Kin\u00e9 Sport Namur\" src=\"http:\/\/kine-sport-namur.be\/wp-content\/uploads\/2018\/01\/Osteopathie_Sportive-300x225.jpg\" alt=\"Ost\u00e9opathie du sport chez Kin\u00e9 Sport Namur\" width=\"300\" height=\"225\" srcset=\"https:\/\/kine-sport-namur.be\/wp-content\/uploads\/2018\/01\/Osteopathie_Sportive-300x225.jpg 300w, https:\/\/kine-sport-namur.be\/wp-content\/uploads\/2018\/01\/Osteopathie_Sportive-768x576.jpg 768w, https:\/\/kine-sport-namur.be\/wp-content\/uploads\/2018\/01\/Osteopathie_Sportive-418x314.jpg 418w, https:\/\/kine-sport-namur.be\/wp-content\/uploads\/2018\/01\/Osteopathie_Sportive-650x490.jpg 650w, https:\/\/kine-sport-namur.be\/wp-content\/uploads\/2018\/01\/Osteopathie_Sportive-301x226.jpg 301w, https:\/\/kine-sport-namur.be\/wp-content\/uploads\/2018\/01\/Osteopathie_Sportive-480x362.jpg 480w, https:\/\/kine-sport-namur.be\/wp-content\/uploads\/2018\/01\/Osteopathie_Sportive.jpg 800w\" sizes=\"(max-width: 300px) 100vw, 300px\" \/>La pratique du sport est conseill\u00e9e pour le maintient d&#8217;un bon \u00e9tat de sant\u00e9, que se soit au niveau physique, psychique et social.<\/p>\n<p>Parfois, lorsqu&#8217;on l&#8217;exerce de fa\u00e7on intensive ou dans de mauvaises conditions, des d\u00e9s\u00e9quilibres peuvent s&#8217;installer et pour \u00e9viter l&#8217;hypersollicitation de certaines zones, il est conseiller de voir r\u00e9guli\u00e8rement un ost\u00e9opathe.<\/p>\n<p>&nbsp;<\/p>\n<p>&nbsp;<\/p>\n<p>N\u2019h\u00e9sitez pas \u00e0 consulter pour :<\/p>\n<ul>\n<li>Bilans annuels<\/li>\n<li>Suite \u00e0 une chute ou traumatisme direct<\/li>\n<li>S\u00e9quelles d&#8217;entorses<\/li>\n<li>Douleurs musculaires (contracture \u00e0 r\u00e9p\u00e9tition, s\u00e9quelle de d\u00e9chirure, \u00e9longation&#8230;)<\/li>\n<li>Am\u00e9lioration des performances<\/li>\n<li>Meilleure r\u00e9cup\u00e9ration<\/li>\n<li>R\u00e9cup\u00e9ration apr\u00e8s une intervention chirurgicale<\/li>\n<\/ul>\n<p>Cette liste n&#8217;est pas exhaustive, n\u2019h\u00e9sitez pas \u00e0 demander conseil \u00e0 votre praticien.<\/p>\n<p><img loading=\"lazy\" class=\"aligncenter wp-image-1275 size-full\" title=\"Ost\u00e9opathie du sport chez Kin\u00e9 Sport Namur\" src=\"http:\/\/kine-sport-namur.be\/wp-content\/uploads\/2018\/01\/Osteopathie_Sportive_grand.jpg\" alt=\"Ost\u00e9opathie du sport chez Kin\u00e9 Sport Namur\" width=\"1355\" height=\"400\" srcset=\"https:\/\/kine-sport-namur.be\/wp-content\/uploads\/2018\/01\/Osteopathie_Sportive_grand.jpg 1355w, https:\/\/kine-sport-namur.be\/wp-content\/uploads\/2018\/01\/Osteopathie_Sportive_grand-300x89.jpg 300w, https:\/\/kine-sport-namur.be\/wp-content\/uploads\/2018\/01\/Osteopathie_Sportive_grand-768x227.jpg 768w, https:\/\/kine-sport-namur.be\/wp-content\/uploads\/2018\/01\/Osteopathie_Sportive_grand-1024x302.jpg 1024w, https:\/\/kine-sport-namur.be\/wp-content\/uploads\/2018\/01\/Osteopathie_Sportive_grand-418x123.jpg 418w\" sizes=\"(max-width: 1355px) 100vw, 1355px\" \/><\/p>\n","protected":false},"excerpt":{"rendered":"<p>Ost\u00e9opathie chez les sportifs La pratique du sport est conseill\u00e9e pour le maintient d&#8217;un bon \u00e9tat de sant\u00e9, que se soit au niveau physique, psychique et social. Parfois, lorsqu&#8217;on l&#8217;exerce de fa\u00e7on intensive ou dans de mauvaises conditions, des d\u00e9s\u00e9quilibres peuvent s&#8217;installer et pour \u00e9viter l&#8217;hypersollicitation de certaines zones, il est conseiller de voir r\u00e9guli\u00e8rement &hellip;<\/p>\n","protected":false},"author":1,"featured_media":0,"parent":1117,"menu_order":0,"comment_status":"closed","ping_status":"closed","template":"","meta":[],"_links":{"self":[{"href":"https:\/\/kine-sport-namur.be\/index.php?rest_route=\/wp\/v2\/pages\/1188"}],"collection":[{"href":"https:\/\/kine-sport-namur.be\/index.php?rest_route=\/wp\/v2\/pages"}],"about":[{"href":"https:\/\/kine-sport-namur.be\/index.php?rest_route=\/wp\/v2\/types\/page"}],"author":[{"embeddable":true,"href":"https:\/\/kine-sport-namur.be\/index.php?rest_route=\/wp\/v2\/users\/1"}],"replies":[{"embeddable":true,"href":"https:\/\/kine-sport-namur.be\/index.php?rest_route=%2Fwp%2Fv2%2Fcomments&post=1188"}],"version-history":[{"count":5,"href":"https:\/\/kine-sport-namur.be\/index.php?rest_route=\/wp\/v2\/pages\/1188\/revisions"}],"predecessor-version":[{"id":1308,"href":"https:\/\/kine-sport-namur.be\/index.php?rest_route=\/wp\/v2\/pages\/1188\/revisions\/1308"}],"up":[{"embeddable":true,"href":"https:\/\/kine-sport-namur.be\/index.php?rest_route=\/wp\/v2\/pages\/1117"}],"wp:attachment":[{"href":"https:\/\/kine-sport-namur.be\/index.php?rest_route=%2Fwp%2Fv2%2Fmedia&parent=1188"}],"curies":[{"name":"wp","href":"https:\/\/api.w.org\/{rel}","templated":true}]}}