{"id":1192,"date":"2017-12-10T16:22:19","date_gmt":"2017-12-10T15:22:19","guid":{"rendered":"http:\/\/kine-sport-namur.be\/?page_id=1192"},"modified":"2017-12-11T11:20:33","modified_gmt":"2017-12-11T10:20:33","slug":"kinesitherapie","status":"publish","type":"page","link":"https:\/\/kine-sport-namur.be\/?page_id=1192","title":{"rendered":"Kin\u00e9sith\u00e9rapie"},"content":{"rendered":"<h3>La Kin\u00e9sith\u00e9rapie<\/h3>\n<p>La masso-kin\u00e9sith\u00e9rapie est la th\u00e9rapie de la gestuelle humaine (kin\u00easis signifie le \u00ab mouvement \u00bb en grec). Elle utilise le mouvement ou, au contraire corrige et r\u00e9duit le mouvement, par diff\u00e9rentes techniques ou par la pose d&#8217;une contention, afin de rendre au corps une fonction qui s&#8217;est alt\u00e9r\u00e9e, par exemple afin de retrouver l&#8217;usage d&#8217;une main apr\u00e8s une chirurgie r\u00e9paratrice, ou du moins lui apprendre \u00e0 s&#8217;adapter \u00e0 son nouvel \u00e9tat (apprendre \u00e0 un patient amput\u00e9 \u00e0 marcher avec une proth\u00e8se).<\/p>\n<p>La kin\u00e9sith\u00e9rapie signifie traitement par le mouvement. Elle agit au niveau musculaire et articulaire. Les techniques sont utilis\u00e9es dans le but de la r\u00e9\u00e9ducation du mouvement et ainsi que de la posture de la personne.<\/p>\n<p>Un des actes de la masso-kin\u00e9sith\u00e9rapie est le massage, c&#8217;est-\u00e0-dire la sollicitation des tissus (muscles, tendons ou encore tissus sous-cutan\u00e9s) du patient par diff\u00e9rentes techniques manuelles. La kin\u00e9sith\u00e9rapie utilise diff\u00e9rents moyens physiques (la chaleur, le froid, des courants \u00e9lectriques, des ultrasons, des infrarouges) afin de r\u00e9duire la pr\u00e9vention, connexes \u00e0 celles de l&#8217;ergonomie et ergoth\u00e9rapie, afin de favoriser ou de rendre autonome une personne dans ses actes de la vie quotidienne, d&#8217;adapter le poste de travail d&#8217;une personne, par exemple dans le cadre de la pr\u00e9vention des maladies professionnelles ou encore afin de former le personnel manipulant des charges importantes.<\/p>\n<p>La masso-kin\u00e9sith\u00e9rapie concerne \u00e9galement les techniques de kin\u00e9sith\u00e9rapie respiratoire des nourrissons atteints de bronchiolite, pour aider \u00e0 l&#8217;entretien des volumes et des cin\u00e8ses ainsi qu&#8217;au d\u00e9sencombrement , et la r\u00e9alisation d&#8217;une contention \u00e9lastique (strapping), souple (soutien du bras, bandage coude au corps) ou rigide (corset pour immobilisation du rachis).<\/p>\n<p>Cette discipline comprend la r\u00e9\u00e9ducation de presque toutes les pathologies m\u00e9dicales. Ce m\u00e9tier appartient au corps des r\u00e9\u00e9ducateurs \u00e0 l&#8217;instar des orthophonistes, ergoth\u00e9rapeutes, neuropsychologues, psychomotriciens, et des orthoptistes.<a href=\"https:\/\/fr.wikipedia.org\/wiki\/Kin%C3%A9sith%C3%A9rapie\" target=\"_blank\" rel=\"noopener\"><br \/>\nSource Wikip\u00e9dia<\/a><\/p>\n","protected":false},"excerpt":{"rendered":"<p>La Kin\u00e9sith\u00e9rapie La masso-kin\u00e9sith\u00e9rapie est la th\u00e9rapie de la gestuelle humaine (kin\u00easis signifie le \u00ab mouvement \u00bb en grec). Elle utilise le mouvement ou, au contraire corrige et r\u00e9duit le mouvement, par diff\u00e9rentes techniques ou par la pose d&#8217;une contention, afin de rendre au corps une fonction qui s&#8217;est alt\u00e9r\u00e9e, par exemple afin de retrouver &hellip;<\/p>\n","protected":false},"author":1,"featured_media":0,"parent":173,"menu_order":0,"comment_status":"closed","ping_status":"closed","template":"","meta":[],"_links":{"self":[{"href":"https:\/\/kine-sport-namur.be\/index.php?rest_route=\/wp\/v2\/pages\/1192"}],"collection":[{"href":"https:\/\/kine-sport-namur.be\/index.php?rest_route=\/wp\/v2\/pages"}],"about":[{"href":"https:\/\/kine-sport-namur.be\/index.php?rest_route=\/wp\/v2\/types\/page"}],"author":[{"embeddable":true,"href":"https:\/\/kine-sport-namur.be\/index.php?rest_route=\/wp\/v2\/users\/1"}],"replies":[{"embeddable":true,"href":"https:\/\/kine-sport-namur.be\/index.php?rest_route=%2Fwp%2Fv2%2Fcomments&post=1192"}],"version-history":[{"count":2,"href":"https:\/\/kine-sport-namur.be\/index.php?rest_route=\/wp\/v2\/pages\/1192\/revisions"}],"predecessor-version":[{"id":1195,"href":"https:\/\/kine-sport-namur.be\/index.php?rest_route=\/wp\/v2\/pages\/1192\/revisions\/1195"}],"up":[{"embeddable":true,"href":"https:\/\/kine-sport-namur.be\/index.php?rest_route=\/wp\/v2\/pages\/173"}],"wp:attachment":[{"href":"https:\/\/kine-sport-namur.be\/index.php?rest_route=%2Fwp%2Fv2%2Fmedia&parent=1192"}],"curies":[{"name":"wp","href":"https:\/\/api.w.org\/{rel}","templated":true}]}}