{"id":341,"date":"2016-11-16T15:22:58","date_gmt":"2016-11-16T14:22:58","guid":{"rendered":"http:\/\/ld-wp.template-help.com\/wordpress_61153-sample\/?page_id=341"},"modified":"2018-01-22T22:05:56","modified_gmt":"2018-01-22T21:05:56","slug":"about","status":"publish","type":"page","link":"https:\/\/kine-sport-namur.be\/?page_id=341","title":{"rendered":"A propos KSN"},"content":{"rendered":"<p>Kin\u00e9 Sport Namur KSN est n\u00e9e d&#8217;une passion commune pour la kin\u00e9sith\u00e9rapie et le sport. Il allie dynamisme et professionnalisme regroupant une \u00e9quipe de jeunes kin\u00e9sith\u00e9rapeutes enthousiastes qui vous proposent des soins de qualit\u00e9 et personnalis\u00e9 dans un cadre acc <a href=\"https:\/\/kine-sport-namur.be\/?page_id=341\" title=\"Read more on A propos KSN\" class=\"more-link\">read more<\/a><\/p>\n","protected":false},"excerpt":{"rendered":"<p>Kin\u00e9 Sport Namur KSN est n\u00e9e d&#8217;une passion commune pour la kin\u00e9sith\u00e9rapie et le sport. Il allie dynamisme et professionnalisme regroupant une \u00e9quipe de jeunes kin\u00e9sith\u00e9rapeutes enthousiastes qui vous proposent des soins de qualit\u00e9 et personnalis\u00e9 dans un cadre acc read more<\/p>\n","protected":false},"author":2,"featured_media":0,"parent":173,"menu_order":0,"comment_status":"closed","ping_status":"closed","template":"","meta":[],"_links":{"self":[{"href":"https:\/\/kine-sport-namur.be\/index.php?rest_route=\/wp\/v2\/pages\/341"}],"collection":[{"href":"https:\/\/kine-sport-namur.be\/index.php?rest_route=\/wp\/v2\/pages"}],"about":[{"href":"https:\/\/kine-sport-namur.be\/index.php?rest_route=\/wp\/v2\/types\/page"}],"author":[{"embeddable":true,"href":"https:\/\/kine-sport-namur.be\/index.php?rest_route=\/wp\/v2\/users\/2"}],"replies":[{"embeddable":true,"href":"https:\/\/kine-sport-namur.be\/index.php?rest_route=%2Fwp%2Fv2%2Fcomments&post=341"}],"version-history":[{"count":18,"href":"https:\/\/kine-sport-namur.be\/index.php?rest_route=\/wp\/v2\/pages\/341\/revisions"}],"predecessor-version":[{"id":1367,"href":"https:\/\/kine-sport-namur.be\/index.php?rest_route=\/wp\/v2\/pages\/341\/revisions\/1367"}],"up":[{"embeddable":true,"href":"https:\/\/kine-sport-namur.be\/index.php?rest_route=\/wp\/v2\/pages\/173"}],"wp:attachment":[{"href":"https:\/\/kine-sport-namur.be\/index.php?rest_route=%2Fwp%2Fv2%2Fmedia&parent=341"}],"curies":[{"name":"wp","href":"https:\/\/api.w.org\/{rel}","templated":true}]}}