{"id":388,"date":"2016-11-17T08:56:09","date_gmt":"2016-11-17T08:56:09","guid":{"rendered":"http:\/\/ld-wp.template-help.com\/wordpress_61153-sample\/?page_id=388"},"modified":"2020-04-23T20:54:52","modified_gmt":"2020-04-23T18:54:52","slug":"coaches","status":"publish","type":"page","link":"https:\/\/kine-sport-namur.be\/?page_id=388","title":{"rendered":"Vos Kin\u00e9sith\u00e9rapeutes"},"content":{"rendered":"<p>Votre \u00e9quipe Une \u00e9quipe dynamique \u00e0 votre \u00e9coute. 4 praticiens \u00e0 votre \u00e9coute Kin\u00e9 sport Namur, c&#8217;est Violaine, Coline, Fran\u00e7ois et Hugues \u00e0 votre service et votre \u00e9coute pour vous accompagnez dans votre r\u00e9\u00e9ducation en fonction de vos besoins. Kin\u00e9sith\u00e9rapie perso <a href=\"https:\/\/kine-sport-namur.be\/?page_id=388\" title=\"Read more on Vos Kin\u00e9sith\u00e9rapeutes\" class=\"more-link\">read more<\/a><\/p>\n","protected":false},"excerpt":{"rendered":"<p>Votre \u00e9quipe Une \u00e9quipe dynamique \u00e0 votre \u00e9coute. 4 praticiens \u00e0 votre \u00e9coute Kin\u00e9 sport Namur, c&#8217;est Violaine, Coline, Fran\u00e7ois et Hugues \u00e0 votre service et votre \u00e9coute pour vous accompagnez dans votre r\u00e9\u00e9ducation en fonction de vos besoins. Kin\u00e9sith\u00e9rapie perso read more<\/p>\n","protected":false},"author":2,"featured_media":0,"parent":173,"menu_order":0,"comment_status":"closed","ping_status":"closed","template":"","meta":[],"_links":{"self":[{"href":"https:\/\/kine-sport-namur.be\/index.php?rest_route=\/wp\/v2\/pages\/388"}],"collection":[{"href":"https:\/\/kine-sport-namur.be\/index.php?rest_route=\/wp\/v2\/pages"}],"about":[{"href":"https:\/\/kine-sport-namur.be\/index.php?rest_route=\/wp\/v2\/types\/page"}],"author":[{"embeddable":true,"href":"https:\/\/kine-sport-namur.be\/index.php?rest_route=\/wp\/v2\/users\/2"}],"replies":[{"embeddable":true,"href":"https:\/\/kine-sport-namur.be\/index.php?rest_route=%2Fwp%2Fv2%2Fcomments&post=388"}],"version-history":[{"count":13,"href":"https:\/\/kine-sport-namur.be\/index.php?rest_route=\/wp\/v2\/pages\/388\/revisions"}],"predecessor-version":[{"id":1412,"href":"https:\/\/kine-sport-namur.be\/index.php?rest_route=\/wp\/v2\/pages\/388\/revisions\/1412"}],"up":[{"embeddable":true,"href":"https:\/\/kine-sport-namur.be\/index.php?rest_route=\/wp\/v2\/pages\/173"}],"wp:attachment":[{"href":"https:\/\/kine-sport-namur.be\/index.php?rest_route=%2Fwp%2Fv2%2Fmedia&parent=388"}],"curies":[{"name":"wp","href":"https:\/\/api.w.org\/{rel}","templated":true}]}}