{"id":405,"date":"2016-11-17T10:43:07","date_gmt":"2016-11-17T10:43:07","guid":{"rendered":"http:\/\/ld-wp.template-help.com\/wordpress_61153-sample\/?page_id=405"},"modified":"2020-04-27T12:18:31","modified_gmt":"2020-04-27T10:18:31","slug":"contacts","status":"publish","type":"page","link":"https:\/\/kine-sport-namur.be\/?page_id=405","title":{"rendered":"Contact"},"content":{"rendered":"<p>Kin\u00e9 Sport Namur Votre partenaire en remise en forme Adresse: 12 rue Henri Lecocq \u00e0 Namur Num\u00e9ro de Contact 0485\/350 008 Nous sommes ouvert Lundi &#8211; vendredi : de 7h00 \u00e0 19h30 Adresse: 12 rue Henri Lecocq \u00e0\u00a0 Namur Num\u00e9ro de Contact 0485\/350 008<\/p>\n","protected":false},"excerpt":{"rendered":"<p>Kin\u00e9 Sport Namur Votre partenaire en remise en forme Adresse: 12 rue Henri Lecocq \u00e0 Namur Num\u00e9ro de Contact 0485\/350 008 Nous sommes ouvert Lundi &#8211; vendredi : de 7h00 \u00e0 19h30 Adresse: 12 rue Henri Lecocq \u00e0\u00a0 Namur Num\u00e9ro de Contact 0485\/350 008<\/p>\n","protected":false},"author":2,"featured_media":0,"parent":173,"menu_order":0,"comment_status":"closed","ping_status":"closed","template":"","meta":[],"_links":{"self":[{"href":"https:\/\/kine-sport-namur.be\/index.php?rest_route=\/wp\/v2\/pages\/405"}],"collection":[{"href":"https:\/\/kine-sport-namur.be\/index.php?rest_route=\/wp\/v2\/pages"}],"about":[{"href":"https:\/\/kine-sport-namur.be\/index.php?rest_route=\/wp\/v2\/types\/page"}],"author":[{"embeddable":true,"href":"https:\/\/kine-sport-namur.be\/index.php?rest_route=\/wp\/v2\/users\/2"}],"replies":[{"embeddable":true,"href":"https:\/\/kine-sport-namur.be\/index.php?rest_route=%2Fwp%2Fv2%2Fcomments&post=405"}],"version-history":[{"count":12,"href":"https:\/\/kine-sport-namur.be\/index.php?rest_route=\/wp\/v2\/pages\/405\/revisions"}],"predecessor-version":[{"id":1418,"href":"https:\/\/kine-sport-namur.be\/index.php?rest_route=\/wp\/v2\/pages\/405\/revisions\/1418"}],"up":[{"embeddable":true,"href":"https:\/\/kine-sport-namur.be\/index.php?rest_route=\/wp\/v2\/pages\/173"}],"wp:attachment":[{"href":"https:\/\/kine-sport-namur.be\/index.php?rest_route=%2Fwp%2Fv2%2Fmedia&parent=405"}],"curies":[{"name":"wp","href":"https:\/\/api.w.org\/{rel}","templated":true}]}}